{"id":2379,"date":"2022-07-11T12:07:28","date_gmt":"2022-07-11T12:07:28","guid":{"rendered":"http:\/\/tplabs.co\/agrios\/?page_id=2379"},"modified":"2025-05-23T07:22:45","modified_gmt":"2025-05-23T07:22:45","slug":"cegunkrol","status":"publish","type":"page","link":"https:\/\/mecsekpig.hu\/en\/cegunkrol\/","title":{"rendered":"About us"},"content":{"rendered":"<div data-elementor-type=\"wp-page\" data-elementor-id=\"2379\" class=\"elementor elementor-2379\">\n\t\t\t\t\t\t<section class=\"elementor-section elementor-top-section elementor-element elementor-element-7b460a2 elementor-section-boxed elementor-section-height-default elementor-section-height-default\" data-id=\"7b460a2\" data-element_type=\"section\">\n\t\t\t\t\t\t<div class=\"elementor-container elementor-column-gap-no\">\n\t\t\t\t\t<div class=\"elementor-column elementor-col-100 elementor-top-column elementor-element elementor-element-3b80ef6\" data-id=\"3b80ef6\" data-element_type=\"column\">\n\t\t\t<div class=\"elementor-widget-wrap elementor-element-populated\">\n\t\t\t\t\t\t<div class=\"elementor-element elementor-element-2be430a elementor-widget elementor-widget-spacer\" data-id=\"2be430a\" data-element_type=\"widget\" data-widget_type=\"spacer.default\">\n\t\t\t\t<div class=\"elementor-widget-container\">\n\t\t\t\t\t\t\t<div class=\"elementor-spacer\">\n\t\t\t<div class=\"elementor-spacer-inner\"><\/div>\n\t\t<\/div>\n\t\t\t\t\t\t<\/div>\n\t\t\t\t<\/div>\n\t\t\t\t<div class=\"elementor-element elementor-element-5c1c459 elementor-widget elementor-widget-text-editor\" data-id=\"5c1c459\" data-element_type=\"widget\" data-widget_type=\"text-editor.default\">\n\t\t\t\t<div class=\"elementor-widget-container\">\n\t\t\t\t\t\t\t\t\t<p>Our products, made with innovative custom formulations, operate with better efficiency than \u201coff-the-shelf\u201d products. We can achieve a high level of synergy between genetics, environment, and technology in most cases. We maintain daily contact with farm management, allowing for the fine-tuning of our products, which can lead to exceptional results when proper collaboration is established. In today\u2019s rapidly changing conditions, we respond to changes within hours. In case of changes in the raw material cost structure, we ensure our producers\u2019 adaptation to the new economic situation without a decline in production results.<\/p>\n<p>Our company is committed to quality. Our manufacturing partners use the most advanced quality assurance and quality management systems to produce our products. Controlled procurement processes, highly trained professionals, and closed manufacturing processes guarantee excellent quality. Our operations are characterized by continuous development and innovation. A key goal is to ensure that our new products support more efficient and successful production for farmers. This effort is supported by several professionally skilled production facilities, providing the opportunity to test our ideas under operational conditions. Our animal health service is up to modern standards, combining serological diagnostics-based prevention with, if necessary, targeted medicinal treatments.<\/p>\t\t\t\t\t\t\t\t<\/div>\n\t\t\t\t<\/div>\n\t\t\t\t\t<\/div>\n\t\t<\/div>\n\t\t\t\t\t<\/div>\n\t\t<\/section>\n\t\t\t\t<\/div>","protected":false},"excerpt":{"rendered":"<p>Innovat\u00edv egyedi formul\u00e1z\u00e1ssal k\u00e9sz\u00fcl\u0151 term\u00e9keink jobb hat\u00e9konys\u00e1ggal m\u0171k\u00f6dnek, mint a &#8222;konfekcion\u00e1lt&#8221;term\u00e9kek. A genetika, k\u00f6rnyezet \u00e9s a technol\u00f3gia \u00f6sszhangj\u00e1t az esetek t\u00f6bbs\u00e9g\u00e9ben, kiemelked\u0151 szinten tudjuk megval\u00f3s\u00edtani. Az \u00e1llattart\u00f3 telepek szakvezet\u00e9s\u00e9vel napi kapcsolatot tartunk, \u00edgy a term\u00e9keink \u00fagynevezett finom hangol\u00e1sa a megfelel\u0151 egy\u00fcttm\u0171k\u00f6d\u00e9s eset\u00e9n kiemelked\u0151 eredm\u00e9nyeket k\u00e9pes hozni. Napjaink gyorsan v\u00e1ltoz\u00f3 k\u00f6r\u00fclm\u00e9nyei<\/p>","protected":false},"author":1,"featured_media":0,"parent":0,"menu_order":0,"comment_status":"closed","ping_status":"closed","template":"","meta":{"footnotes":""},"class_list":["post-2379","page","type-page","status-publish","hentry"],"_links":{"self":[{"href":"https:\/\/mecsekpig.hu\/en\/wp-json\/wp\/v2\/pages\/2379","targetHints":{"allow":["GET"]}}],"collection":[{"href":"https:\/\/mecsekpig.hu\/en\/wp-json\/wp\/v2\/pages"}],"about":[{"href":"https:\/\/mecsekpig.hu\/en\/wp-json\/wp\/v2\/types\/page"}],"author":[{"embeddable":true,"href":"https:\/\/mecsekpig.hu\/en\/wp-json\/wp\/v2\/users\/1"}],"replies":[{"embeddable":true,"href":"https:\/\/mecsekpig.hu\/en\/wp-json\/wp\/v2\/comments?post=2379"}],"version-history":[{"count":8,"href":"https:\/\/mecsekpig.hu\/en\/wp-json\/wp\/v2\/pages\/2379\/revisions"}],"predecessor-version":[{"id":3120,"href":"https:\/\/mecsekpig.hu\/en\/wp-json\/wp\/v2\/pages\/2379\/revisions\/3120"}],"wp:attachment":[{"href":"https:\/\/mecsekpig.hu\/en\/wp-json\/wp\/v2\/media?parent=2379"}],"curies":[{"name":"wp","href":"https:\/\/api.w.org\/{rel}","templated":true}]}}