{"id":2399,"date":"2022-07-11T12:33:08","date_gmt":"2022-07-11T12:33:08","guid":{"rendered":"http:\/\/tplabs.co\/agrios\/?page_id=2399"},"modified":"2025-04-07T21:38:00","modified_gmt":"2025-04-07T21:38:00","slug":"hirek","status":"publish","type":"page","link":"https:\/\/mecsekpig.hu\/en\/hirek\/","title":{"rendered":"News"},"content":{"rendered":"<div data-elementor-type=\"wp-page\" data-elementor-id=\"2399\" class=\"elementor elementor-2399\">\n\t\t\t\t\t\t<section class=\"elementor-section elementor-top-section elementor-element elementor-element-09b0614 elementor-section-boxed elementor-section-height-default elementor-section-height-default\" data-id=\"09b0614\" data-element_type=\"section\">\n\t\t\t\t\t\t<div class=\"elementor-container elementor-column-gap-default\">\n\t\t\t\t\t<div class=\"elementor-column elementor-col-100 elementor-top-column elementor-element elementor-element-217e825\" data-id=\"217e825\" data-element_type=\"column\">\n\t\t\t<div class=\"elementor-widget-wrap elementor-element-populated\">\n\t\t\t\t\t\t<div class=\"elementor-element elementor-element-a11d771 news-style-1 elementor-widget elementor-widget-mae-news-grid\" data-id=\"a11d771\" data-element_type=\"widget\" data-widget_type=\"mae-news-grid.default\">\n\t\t\t\t<div class=\"elementor-widget-container\">\n\t\t\t\t\t\n        <div class=\"master-portfolio news-style-1\" data-config='{\"columns\":3,\"columnsTablet\":2,\"columnsMobile\":1,\"gapHorizontal\":30,\"gapVertical\":30,\"layoutMode\":\"grid\"}'>\n            <div class=\"galleries cbp\">\n                                    \n                        <div class=\"master-news cbp-item\">\n                            <div class=\"image-wrap\"><a class=\"thumb\" href=\"https:\/\/mecsekpig.hu\/en\/2025\/04\/07\/kerdesek-es-eszrevetelek\/\" aria-label=\"Questions and Feedback\"><span class=\"inner\"><img decoding=\"async\" width=\"251\" height=\"188\" src=\"https:\/\/mecsekpig.hu\/wp-content\/uploads\/2022\/07\/118befd0-06bc-43ea-b2bb-3f907c519704.png\" class=\"attachment-mae-std2 size-mae-std2 wp-post-image\" alt=\"mecsekpig\" \/><\/span><\/a><\/div><div class=\"content-wrap\"><span class=\"post-date default\">07 April 2025<\/span><div class=\"post-meta\"><span class=\"post-by-author item\"><span class=\"prefix\">by<\/span> \n                    <a class=\"name\" href=\"https:\/\/mecsekpig.hu\/en\/author\/rmmedia\/\" title=\"View all posts by rmmedia\">rmmedia<\/a>\n                <\/span><span class=\"meta-sep\">\/<\/span><span class=\"post-comment item\"><span class=\"inner\"><a href=\"https:\/\/mecsekpig.hu\/en\/2025\/04\/07\/kerdesek-es-eszrevetelek\/#respond\">0 Comments<\/a><\/span><\/span><\/div><h3 class=\"headline-2\"><a href=\"https:\/\/mecsekpig.hu\/en\/2025\/04\/07\/kerdesek-es-eszrevetelek\/\">Questions and Feedback<\/a><\/h3><div class=\"desc\">Hogy tetszett \u00d6nnek weboldalunk? Megosztan\u00e1 \u00e9szrev\u00e9tel\u00e9t a szolg\u00e1ltat\u00e1sainkkal kapcsolatban?\u00a0Forduljon hozz\u00e1nk\u00a0bizalommal.<\/div><div class=\"sep\"><\/div><\/div>\n                        <\/div>\n                                <\/div><!-- galleries -->\n        <\/div><!-- master-portfolio -->\n        \t\t\t\t<\/div>\n\t\t\t\t<\/div>\n\t\t\t\t\t<\/div>\n\t\t<\/div>\n\t\t\t\t\t<\/div>\n\t\t<\/section>\n\t\t\t\t<\/div>","protected":false},"excerpt":{"rendered":"<p>05 July 2022by Kevin Martin \/1 Comment Bringing Food Production Back To Cities Lorem ipsum dolor sit amet, cibo mundi ea duo, vim 05 July 2022by Kevin Martin \/0 Comments The Future of Farming, Smart Irrigation Solutions Lorem ipsum dolor sit amet, cibo mundi ea duo, vim 05 July 2022by<\/p>","protected":false},"author":1,"featured_media":0,"parent":0,"menu_order":0,"comment_status":"closed","ping_status":"closed","template":"","meta":{"footnotes":""},"class_list":["post-2399","page","type-page","status-publish","hentry"],"_links":{"self":[{"href":"https:\/\/mecsekpig.hu\/en\/wp-json\/wp\/v2\/pages\/2399","targetHints":{"allow":["GET"]}}],"collection":[{"href":"https:\/\/mecsekpig.hu\/en\/wp-json\/wp\/v2\/pages"}],"about":[{"href":"https:\/\/mecsekpig.hu\/en\/wp-json\/wp\/v2\/types\/page"}],"author":[{"embeddable":true,"href":"https:\/\/mecsekpig.hu\/en\/wp-json\/wp\/v2\/users\/1"}],"replies":[{"embeddable":true,"href":"https:\/\/mecsekpig.hu\/en\/wp-json\/wp\/v2\/comments?post=2399"}],"version-history":[{"count":1,"href":"https:\/\/mecsekpig.hu\/en\/wp-json\/wp\/v2\/pages\/2399\/revisions"}],"predecessor-version":[{"id":3052,"href":"https:\/\/mecsekpig.hu\/en\/wp-json\/wp\/v2\/pages\/2399\/revisions\/3052"}],"wp:attachment":[{"href":"https:\/\/mecsekpig.hu\/en\/wp-json\/wp\/v2\/media?parent=2399"}],"curies":[{"name":"wp","href":"https:\/\/api.w.org\/{rel}","templated":true}]}}